{"id":14,"date":"2022-02-23T15:52:05","date_gmt":"2022-02-23T15:52:05","guid":{"rendered":"https:\/\/hydroelite.se\/?page_id=14"},"modified":"2024-03-06T08:09:17","modified_gmt":"2024-03-06T08:09:17","slug":"kontakt","status":"publish","type":"page","link":"https:\/\/hydroelite.se\/index.php\/kontakt\/","title":{"rendered":"Kontakt"},"content":{"rendered":"\t\t<div data-elementor-type=\"wp-page\" data-elementor-id=\"14\" class=\"elementor elementor-14\">\n\t\t\t\t\t\t<header class=\"elementor-section elementor-top-section elementor-element elementor-element-29f793d8 elementor-section-height-min-height elementor-section-content-middle elementor-section-boxed elementor-section-height-default elementor-section-items-middle\" data-id=\"29f793d8\" data-element_type=\"section\" data-e-type=\"section\" data-settings=\"{&quot;background_background&quot;:&quot;classic&quot;}\">\n\t\t\t\t\t\t\t<div class=\"elementor-background-overlay\"><\/div>\n\t\t\t\t\t\t\t<div class=\"elementor-container elementor-column-gap-extended\">\n\t\t\t\t\t<div class=\"elementor-column elementor-col-100 elementor-top-column elementor-element elementor-element-5ecd5046\" data-id=\"5ecd5046\" data-element_type=\"column\" data-e-type=\"column\">\n\t\t\t<div class=\"elementor-widget-wrap elementor-element-populated\">\n\t\t\t\t\t\t<div class=\"elementor-element elementor-element-4695de5c elementor-invisible elementor-widget elementor-widget-text-editor\" data-id=\"4695de5c\" data-element_type=\"widget\" data-e-type=\"widget\" data-settings=\"{&quot;_animation&quot;:&quot;fadeInDown&quot;}\" data-widget_type=\"text-editor.default\">\n\t\t\t\t<div class=\"elementor-widget-container\">\n\t\t\t\t\t\t\t\t\t<p>N\u00e4r ni beh\u00f6ver kompetens<\/p>\t\t\t\t\t\t\t\t<\/div>\n\t\t\t\t<\/div>\n\t\t\t\t<div class=\"elementor-element elementor-element-5052d4a9 elementor-invisible elementor-widget elementor-widget-heading\" data-id=\"5052d4a9\" data-element_type=\"widget\" data-e-type=\"widget\" data-settings=\"{&quot;_animation&quot;:&quot;fadeInDown&quot;,&quot;_animation_delay&quot;:200}\" data-widget_type=\"heading.default\">\n\t\t\t\t<div class=\"elementor-widget-container\">\n\t\t\t\t\t<h1 class=\"elementor-heading-title elementor-size-default\">Kontakta oss<\/h1>\t\t\t\t<\/div>\n\t\t\t\t<\/div>\n\t\t\t\t<div class=\"elementor-element elementor-element-10a142f elementor-invisible elementor-widget elementor-widget-text-editor\" data-id=\"10a142f\" data-element_type=\"widget\" data-e-type=\"widget\" data-settings=\"{&quot;_animation&quot;:&quot;fadeInUp&quot;,&quot;_animation_delay&quot;:400}\" data-widget_type=\"text-editor.default\">\n\t\t\t\t<div class=\"elementor-widget-container\">\n\t\t\t\t\t\t\t\t\t<p>Vi \u00e4r ett samtal bort, och g\u00f6r det vi kan f\u00f6r att m\u00f6ta era specifika behov.<\/p>\t\t\t\t\t\t\t\t<\/div>\n\t\t\t\t<\/div>\n\t\t\t\t\t<\/div>\n\t\t<\/div>\n\t\t\t\t\t<\/div>\n\t\t<\/header>\n\t\t\t\t<section class=\"elementor-section elementor-top-section elementor-element elementor-element-4acb8379 elementor-section-content-middle elementor-section-full_width elementor-section-height-default elementor-section-height-default\" data-id=\"4acb8379\" data-element_type=\"section\" data-e-type=\"section\" data-settings=\"{&quot;background_background&quot;:&quot;classic&quot;}\">\n\t\t\t\t\t\t<div class=\"elementor-container elementor-column-gap-extended\">\n\t\t\t\t\t<div class=\"elementor-column elementor-col-50 elementor-top-column elementor-element elementor-element-7b20cf8\" data-id=\"7b20cf8\" data-element_type=\"column\" data-e-type=\"column\">\n\t\t\t<div class=\"elementor-widget-wrap elementor-element-populated\">\n\t\t\t\t\t\t<div class=\"elementor-element elementor-element-1ae53c1 elementor-widget elementor-widget-image\" data-id=\"1ae53c1\" data-element_type=\"widget\" data-e-type=\"widget\" data-widget_type=\"image.default\">\n\t\t\t\t<div class=\"elementor-widget-container\">\n\t\t\t\t\t\t\t\t\t\t\t\t<figure class=\"wp-caption\">\n\t\t\t\t\t\t\t\t\t\t<img fetchpriority=\"high\" decoding=\"async\" width=\"196\" height=\"300\" src=\"https:\/\/hydroelite.se\/wp-content\/uploads\/2022\/02\/Gubben_sjalv-196x300.jpg\" class=\"attachment-medium size-medium wp-image-187\" alt=\"\" srcset=\"https:\/\/hydroelite.se\/wp-content\/uploads\/2022\/02\/Gubben_sjalv-196x300.jpg 196w, https:\/\/hydroelite.se\/wp-content\/uploads\/2022\/02\/Gubben_sjalv-671x1024.jpg 671w, https:\/\/hydroelite.se\/wp-content\/uploads\/2022\/02\/Gubben_sjalv.jpg 706w\" sizes=\"(max-width: 196px) 100vw, 196px\" \/>\t\t\t\t\t\t\t\t\t\t\t<figcaption class=\"widget-image-caption wp-caption-text\">Patrick<\/figcaption>\n\t\t\t\t\t\t\t\t\t\t<\/figure>\n\t\t\t\t\t\t\t\t\t<\/div>\n\t\t\t\t<\/div>\n\t\t\t\t\t<\/div>\n\t\t<\/div>\n\t\t\t\t<div class=\"elementor-column elementor-col-50 elementor-top-column elementor-element elementor-element-745fd1dc\" data-id=\"745fd1dc\" data-element_type=\"column\" data-e-type=\"column\">\n\t\t\t<div class=\"elementor-widget-wrap elementor-element-populated\">\n\t\t\t\t\t\t<div class=\"elementor-element elementor-element-5059fd72 elementor-invisible elementor-widget elementor-widget-heading\" data-id=\"5059fd72\" data-element_type=\"widget\" data-e-type=\"widget\" data-settings=\"{&quot;_animation&quot;:&quot;fadeInDown&quot;}\" data-widget_type=\"heading.default\">\n\t\t\t\t<div class=\"elementor-widget-container\">\n\t\t\t\t\t<h2 class=\"elementor-heading-title elementor-size-default\">Att kontakta oss \u00e4r b\u00f6rjan p\u00e5 en \u00f6kad verkningsgrad<\/h2>\t\t\t\t<\/div>\n\t\t\t\t<\/div>\n\t\t\t\t<div class=\"elementor-element elementor-element-25ecb4ef elementor-invisible elementor-widget elementor-widget-text-editor\" data-id=\"25ecb4ef\" data-element_type=\"widget\" data-e-type=\"widget\" data-settings=\"{&quot;_animation&quot;:&quot;fadeInUp&quot;,&quot;_animation_delay&quot;:200}\" data-widget_type=\"text-editor.default\">\n\t\t\t\t<div class=\"elementor-widget-container\">\n\t\t\t\t\t\t\t\t\t<h4 style=\"text-align: center;\">VI SKA HELA TIDEN LIGGA I FRAMKANT MED S\u00c5V\u00c4L TEKNIK OCH KOMPETENS SOM MERV\u00c4RDEN F\u00d6R KUND.<\/h4>\t\t\t\t\t\t\t\t<\/div>\n\t\t\t\t<\/div>\n\t\t\t\t<div class=\"elementor-element elementor-element-61c0b458 elementor-icon-list--layout-traditional elementor-list-item-link-full_width elementor-widget elementor-widget-icon-list\" data-id=\"61c0b458\" data-element_type=\"widget\" data-e-type=\"widget\" data-widget_type=\"icon-list.default\">\n\t\t\t\t<div class=\"elementor-widget-container\">\n\t\t\t\t\t\t\t<ul class=\"elementor-icon-list-items\">\n\t\t\t\t\t\t\t<li class=\"elementor-icon-list-item\">\n\t\t\t\t\t\t\t\t\t\t\t<span class=\"elementor-icon-list-icon\">\n\t\t\t\t\t\t\t<i aria-hidden=\"true\" class=\"far fa-building\"><\/i>\t\t\t\t\t\t<\/span>\n\t\t\t\t\t\t\t\t\t\t<span class=\"elementor-icon-list-text\">HydroElite Nordic AB, Bondegatan 8, 912 33  Vilhelmina<\/span>\n\t\t\t\t\t\t\t\t\t<\/li>\n\t\t\t\t\t\t\t\t<li class=\"elementor-icon-list-item\">\n\t\t\t\t\t\t\t\t\t\t\t<span class=\"elementor-icon-list-icon\">\n\t\t\t\t\t\t\t<i aria-hidden=\"true\" class=\"fas fa-phone-square\"><\/i>\t\t\t\t\t\t<\/span>\n\t\t\t\t\t\t\t\t\t\t<span class=\"elementor-icon-list-text\">072-227 53 73<\/span>\n\t\t\t\t\t\t\t\t\t<\/li>\n\t\t\t\t\t\t\t\t<li class=\"elementor-icon-list-item\">\n\t\t\t\t\t\t\t\t\t\t\t<a href=\"mailto:info@hydroelite.se\" target=\"_blank\">\n\n\t\t\t\t\t\t\t\t\t\t\t\t<span class=\"elementor-icon-list-icon\">\n\t\t\t\t\t\t\t<i aria-hidden=\"true\" class=\"far fa-envelope\"><\/i>\t\t\t\t\t\t<\/span>\n\t\t\t\t\t\t\t\t\t\t<span class=\"elementor-icon-list-text\">info@hydroelite.se<\/span>\n\t\t\t\t\t\t\t\t\t\t\t<\/a>\n\t\t\t\t\t\t\t\t\t<\/li>\n\t\t\t\t\t\t\t\t<li class=\"elementor-icon-list-item\">\n\t\t\t\t\t\t\t\t\t\t\t<span class=\"elementor-icon-list-icon\">\n\t\t\t\t\t\t\t<i aria-hidden=\"true\" class=\"fas fa-id-badge\"><\/i>\t\t\t\t\t\t<\/span>\n\t\t\t\t\t\t\t\t\t\t<span class=\"elementor-icon-list-text\">559368-8301<\/span>\n\t\t\t\t\t\t\t\t\t<\/li>\n\t\t\t\t\t\t<\/ul>\n\t\t\t\t\t\t<\/div>\n\t\t\t\t<\/div>\n\t\t\t\t\t<\/div>\n\t\t<\/div>\n\t\t\t\t\t<\/div>\n\t\t<\/section>\n\t\t\t\t<section class=\"elementor-section elementor-top-section elementor-element elementor-element-7c02e0d0 elementor-section-boxed elementor-section-height-default elementor-section-height-default\" data-id=\"7c02e0d0\" data-element_type=\"section\" data-e-type=\"section\" data-settings=\"{&quot;background_background&quot;:&quot;classic&quot;}\">\n\t\t\t\t\t\t\t<div class=\"elementor-background-overlay\"><\/div>\n\t\t\t\t\t\t\t<div class=\"elementor-container elementor-column-gap-extended\">\n\t\t\t\t\t<div class=\"elementor-column elementor-col-100 elementor-top-column elementor-element elementor-element-b1aabe2\" data-id=\"b1aabe2\" data-element_type=\"column\" data-e-type=\"column\">\n\t\t\t<div class=\"elementor-widget-wrap elementor-element-populated\">\n\t\t\t\t\t\t<div class=\"elementor-element elementor-element-748c01e6 animated-slow elementor-invisible elementor-widget elementor-widget-testimonial\" data-id=\"748c01e6\" data-element_type=\"widget\" data-e-type=\"widget\" data-settings=\"{&quot;_animation&quot;:&quot;fadeIn&quot;}\" data-widget_type=\"testimonial.default\">\n\t\t\t\t<div class=\"elementor-widget-container\">\n\t\t\t\t\t\t\t<div class=\"elementor-testimonial-wrapper\">\n\t\t\t\t\t\t\t<div class=\"elementor-testimonial-content\">En virkestork kan inte prata. <br><br>Som en professionell partner ser vi hur torken m\u00e5r och kan ge v\u00e4rdefull information som ett merv\u00e4rde till v\u00e5ra kunder.<\/div>\n\t\t\t\n\t\t\t\t\t\t<div class=\"elementor-testimonial-meta elementor-has-image elementor-testimonial-image-position-aside\">\n\t\t\t\t<div class=\"elementor-testimonial-meta-inner\">\n\t\t\t\t\t\t\t\t\t\t\t<div class=\"elementor-testimonial-image\">\n\t\t\t\t\t\t\t<img decoding=\"async\" width=\"1183\" height=\"2560\" data-src=\"https:\/\/hydroelite.se\/wp-content\/uploads\/2022\/02\/IMG_20210803_145307-scaled.jpg\" class=\"attachment-full size-full wp-image-46 lazyload\" alt=\"\" data-srcset=\"https:\/\/hydroelite.se\/wp-content\/uploads\/2022\/02\/IMG_20210803_145307-scaled.jpg 1183w, https:\/\/hydroelite.se\/wp-content\/uploads\/2022\/02\/IMG_20210803_145307-139x300.jpg 139w, https:\/\/hydroelite.se\/wp-content\/uploads\/2022\/02\/IMG_20210803_145307-473x1024.jpg 473w, https:\/\/hydroelite.se\/wp-content\/uploads\/2022\/02\/IMG_20210803_145307-768x1663.jpg 768w, https:\/\/hydroelite.se\/wp-content\/uploads\/2022\/02\/IMG_20210803_145307-710x1536.jpg 710w, https:\/\/hydroelite.se\/wp-content\/uploads\/2022\/02\/IMG_20210803_145307-946x2048.jpg 946w\" data-sizes=\"(max-width: 1183px) 100vw, 1183px\" src=\"data:image\/svg+xml;base64,PHN2ZyB3aWR0aD0iMSIgaGVpZ2h0PSIxIiB4bWxucz0iaHR0cDovL3d3dy53My5vcmcvMjAwMC9zdmciPjwvc3ZnPg==\" style=\"--smush-placeholder-width: 1183px; --smush-placeholder-aspect-ratio: 1183\/2560;\" \/>\t\t\t\t\t\t<\/div>\n\t\t\t\t\t\n\t\t\t\t\t\t\t\t\t\t<div class=\"elementor-testimonial-details\">\n\t\t\t\t\t\t\t\t\t\t\t\t\t\t<div class=\"elementor-testimonial-name\">Patrick Trogothzon<\/div>\n\t\t\t\t\t\t\t\t\t\t\t\t\t\t\t\t\t\t\t\t\t\t<div class=\"elementor-testimonial-job\">Hydroelite Nordic AB<\/div>\n\t\t\t\t\t\t\t\t\t\t\t\t\t<\/div>\n\t\t\t\t\t\t\t\t\t<\/div>\n\t\t\t<\/div>\n\t\t\t\t\t<\/div>\n\t\t\t\t\t\t<\/div>\n\t\t\t\t<\/div>\n\t\t\t\t\t<\/div>\n\t\t<\/div>\n\t\t\t\t\t<\/div>\n\t\t<\/section>\n\t\t\t\t<\/div>\n\t\t","protected":false},"excerpt":{"rendered":"<p>N\u00e4r ni beh\u00f6ver kompetens Kontakta oss Vi \u00e4r ett samtal bort, och g\u00f6r det vi kan f\u00f6r att m\u00f6ta era specifika behov. Patrick Att kontakta oss \u00e4r b\u00f6rjan p\u00e5 en \u00f6kad verkningsgrad VI SKA HELA TIDEN LIGGA I FRAMKANT MED S\u00c5V\u00c4L TEKNIK OCH KOMPETENS SOM MERV\u00c4RDEN F\u00d6R KUND. HydroElite Nordic AB, Bondegatan 8, 912 33 [&hellip;]<\/p>\n","protected":false},"author":1,"featured_media":0,"parent":0,"menu_order":0,"comment_status":"closed","ping_status":"closed","template":"","meta":{"site-sidebar-layout":"no-sidebar","site-content-layout":"page-builder","ast-site-content-layout":"default","site-content-style":"default","site-sidebar-style":"default","ast-global-header-display":"","ast-banner-title-visibility":"","ast-main-header-display":"","ast-hfb-above-header-display":"","ast-hfb-below-header-display":"","ast-hfb-mobile-header-display":"","site-post-title":"disabled","ast-breadcrumbs-content":"","ast-featured-img":"disabled","footer-sml-layout":"","ast-disable-related-posts":"","theme-transparent-header-meta":"","adv-header-id-meta":"","stick-header-meta":"","header-above-stick-meta":"","header-main-stick-meta":"","header-below-stick-meta":"","astra-migrate-meta-layouts":"default","ast-page-background-enabled":"default","ast-page-background-meta":{"desktop":{"background-color":"var(--ast-global-color-4)","background-image":"","background-repeat":"repeat","background-position":"center center","background-size":"auto","background-attachment":"scroll","background-type":"","background-media":"","overlay-type":"","overlay-color":"","overlay-opacity":"","overlay-gradient":""},"tablet":{"background-color":"","background-image":"","background-repeat":"repeat","background-position":"center center","background-size":"auto","background-attachment":"scroll","background-type":"","background-media":"","overlay-type":"","overlay-color":"","overlay-opacity":"","overlay-gradient":""},"mobile":{"background-color":"","background-image":"","background-repeat":"repeat","background-position":"center center","background-size":"auto","background-attachment":"scroll","background-type":"","background-media":"","overlay-type":"","overlay-color":"","overlay-opacity":"","overlay-gradient":""}},"ast-content-background-meta":{"desktop":{"background-color":"var(--ast-global-color-5)","background-image":"","background-repeat":"repeat","background-position":"center center","background-size":"auto","background-attachment":"scroll","background-type":"","background-media":"","overlay-type":"","overlay-color":"","overlay-opacity":"","overlay-gradient":""},"tablet":{"background-color":"var(--ast-global-color-5)","background-image":"","background-repeat":"repeat","background-position":"center center","background-size":"auto","background-attachment":"scroll","background-type":"","background-media":"","overlay-type":"","overlay-color":"","overlay-opacity":"","overlay-gradient":""},"mobile":{"background-color":"var(--ast-global-color-5)","background-image":"","background-repeat":"repeat","background-position":"center center","background-size":"auto","background-attachment":"scroll","background-type":"","background-media":"","overlay-type":"","overlay-color":"","overlay-opacity":"","overlay-gradient":""}},"footnotes":""},"class_list":["post-14","page","type-page","status-publish","hentry"],"yoast_head":"<!-- This site is optimized with the Yoast SEO plugin v27.3 - https:\/\/yoast.com\/product\/yoast-seo-wordpress\/ -->\n<title>Kontakt - HydroElite Nordic AB<\/title>\n<meta name=\"robots\" content=\"index, follow, max-snippet:-1, max-image-preview:large, max-video-preview:-1\" \/>\n<link rel=\"canonical\" href=\"https:\/\/hydroelite.se\/index.php\/kontakt\/\" \/>\n<meta property=\"og:locale\" content=\"sv_SE\" \/>\n<meta property=\"og:type\" content=\"article\" \/>\n<meta property=\"og:title\" content=\"Kontakt - HydroElite Nordic AB\" \/>\n<meta property=\"og:description\" content=\"N\u00e4r ni beh\u00f6ver kompetens Kontakta oss Vi \u00e4r ett samtal bort, och g\u00f6r det vi kan f\u00f6r att m\u00f6ta era specifika behov. Patrick Att kontakta oss \u00e4r b\u00f6rjan p\u00e5 en \u00f6kad verkningsgrad VI SKA HELA TIDEN LIGGA I FRAMKANT MED S\u00c5V\u00c4L TEKNIK OCH KOMPETENS SOM MERV\u00c4RDEN F\u00d6R KUND. HydroElite Nordic AB, Bondegatan 8, 912 33 [&hellip;]\" \/>\n<meta property=\"og:url\" content=\"https:\/\/hydroelite.se\/index.php\/kontakt\/\" \/>\n<meta property=\"og:site_name\" content=\"HydroElite Nordic AB\" \/>\n<meta property=\"article:modified_time\" content=\"2024-03-06T08:09:17+00:00\" \/>\n<meta property=\"og:image\" content=\"https:\/\/hydroelite.se\/wp-content\/uploads\/2022\/02\/Gubben_sjalv-196x300.jpg\" \/>\n<meta name=\"twitter:card\" content=\"summary_large_image\" \/>\n<meta name=\"twitter:label1\" content=\"Ber\u00e4knad l\u00e4stid\" \/>\n\t<meta name=\"twitter:data1\" content=\"1 minut\" \/>\n<script type=\"application\/ld+json\" class=\"yoast-schema-graph\">{\"@context\":\"https:\\\/\\\/schema.org\",\"@graph\":[{\"@type\":\"WebPage\",\"@id\":\"https:\\\/\\\/hydroelite.se\\\/index.php\\\/kontakt\\\/\",\"url\":\"https:\\\/\\\/hydroelite.se\\\/index.php\\\/kontakt\\\/\",\"name\":\"Kontakt - HydroElite Nordic AB\",\"isPartOf\":{\"@id\":\"https:\\\/\\\/hydroelite.se\\\/#website\"},\"primaryImageOfPage\":{\"@id\":\"https:\\\/\\\/hydroelite.se\\\/index.php\\\/kontakt\\\/#primaryimage\"},\"image\":{\"@id\":\"https:\\\/\\\/hydroelite.se\\\/index.php\\\/kontakt\\\/#primaryimage\"},\"thumbnailUrl\":\"https:\\\/\\\/hydroelite.se\\\/wp-content\\\/uploads\\\/2022\\\/02\\\/Gubben_sjalv-196x300.jpg\",\"datePublished\":\"2022-02-23T15:52:05+00:00\",\"dateModified\":\"2024-03-06T08:09:17+00:00\",\"breadcrumb\":{\"@id\":\"https:\\\/\\\/hydroelite.se\\\/index.php\\\/kontakt\\\/#breadcrumb\"},\"inLanguage\":\"sv-SE\",\"potentialAction\":[{\"@type\":\"ReadAction\",\"target\":[\"https:\\\/\\\/hydroelite.se\\\/index.php\\\/kontakt\\\/\"]}]},{\"@type\":\"ImageObject\",\"inLanguage\":\"sv-SE\",\"@id\":\"https:\\\/\\\/hydroelite.se\\\/index.php\\\/kontakt\\\/#primaryimage\",\"url\":\"https:\\\/\\\/hydroelite.se\\\/wp-content\\\/uploads\\\/2022\\\/02\\\/Gubben_sjalv.jpg\",\"contentUrl\":\"https:\\\/\\\/hydroelite.se\\\/wp-content\\\/uploads\\\/2022\\\/02\\\/Gubben_sjalv.jpg\",\"width\":706,\"height\":1078},{\"@type\":\"BreadcrumbList\",\"@id\":\"https:\\\/\\\/hydroelite.se\\\/index.php\\\/kontakt\\\/#breadcrumb\",\"itemListElement\":[{\"@type\":\"ListItem\",\"position\":1,\"name\":\"Hem\",\"item\":\"https:\\\/\\\/hydroelite.se\\\/\"},{\"@type\":\"ListItem\",\"position\":2,\"name\":\"Kontakt\"}]},{\"@type\":\"WebSite\",\"@id\":\"https:\\\/\\\/hydroelite.se\\\/#website\",\"url\":\"https:\\\/\\\/hydroelite.se\\\/\",\"name\":\"HydroElite Nordic AB\",\"description\":\"Vi jobbar b\u00e4st under h\u00f6gtryck\",\"publisher\":{\"@id\":\"https:\\\/\\\/hydroelite.se\\\/#organization\"},\"potentialAction\":[{\"@type\":\"SearchAction\",\"target\":{\"@type\":\"EntryPoint\",\"urlTemplate\":\"https:\\\/\\\/hydroelite.se\\\/?s={search_term_string}\"},\"query-input\":{\"@type\":\"PropertyValueSpecification\",\"valueRequired\":true,\"valueName\":\"search_term_string\"}}],\"inLanguage\":\"sv-SE\"},{\"@type\":\"Organization\",\"@id\":\"https:\\\/\\\/hydroelite.se\\\/#organization\",\"name\":\"Hydroelite Nordic AB\",\"url\":\"https:\\\/\\\/hydroelite.se\\\/\",\"logo\":{\"@type\":\"ImageObject\",\"inLanguage\":\"sv-SE\",\"@id\":\"https:\\\/\\\/hydroelite.se\\\/#\\\/schema\\\/logo\\\/image\\\/\",\"url\":\"https:\\\/\\\/hydroelite.se\\\/wp-content\\\/uploads\\\/2023\\\/06\\\/HydroElite-Nordic_liggande_2350x850.jpg\",\"contentUrl\":\"https:\\\/\\\/hydroelite.se\\\/wp-content\\\/uploads\\\/2023\\\/06\\\/HydroElite-Nordic_liggande_2350x850.jpg\",\"width\":2350,\"height\":850,\"caption\":\"Hydroelite Nordic AB\"},\"image\":{\"@id\":\"https:\\\/\\\/hydroelite.se\\\/#\\\/schema\\\/logo\\\/image\\\/\"}}]}<\/script>\n<!-- \/ Yoast SEO plugin. -->","yoast_head_json":{"title":"Kontakt - HydroElite Nordic AB","robots":{"index":"index","follow":"follow","max-snippet":"max-snippet:-1","max-image-preview":"max-image-preview:large","max-video-preview":"max-video-preview:-1"},"canonical":"https:\/\/hydroelite.se\/index.php\/kontakt\/","og_locale":"sv_SE","og_type":"article","og_title":"Kontakt - HydroElite Nordic AB","og_description":"N\u00e4r ni beh\u00f6ver kompetens Kontakta oss Vi \u00e4r ett samtal bort, och g\u00f6r det vi kan f\u00f6r att m\u00f6ta era specifika behov. Patrick Att kontakta oss \u00e4r b\u00f6rjan p\u00e5 en \u00f6kad verkningsgrad VI SKA HELA TIDEN LIGGA I FRAMKANT MED S\u00c5V\u00c4L TEKNIK OCH KOMPETENS SOM MERV\u00c4RDEN F\u00d6R KUND. HydroElite Nordic AB, Bondegatan 8, 912 33 [&hellip;]","og_url":"https:\/\/hydroelite.se\/index.php\/kontakt\/","og_site_name":"HydroElite Nordic AB","article_modified_time":"2024-03-06T08:09:17+00:00","og_image":[{"url":"https:\/\/hydroelite.se\/wp-content\/uploads\/2022\/02\/Gubben_sjalv-196x300.jpg","type":"","width":"","height":""}],"twitter_card":"summary_large_image","twitter_misc":{"Ber\u00e4knad l\u00e4stid":"1 minut"},"schema":{"@context":"https:\/\/schema.org","@graph":[{"@type":"WebPage","@id":"https:\/\/hydroelite.se\/index.php\/kontakt\/","url":"https:\/\/hydroelite.se\/index.php\/kontakt\/","name":"Kontakt - HydroElite Nordic AB","isPartOf":{"@id":"https:\/\/hydroelite.se\/#website"},"primaryImageOfPage":{"@id":"https:\/\/hydroelite.se\/index.php\/kontakt\/#primaryimage"},"image":{"@id":"https:\/\/hydroelite.se\/index.php\/kontakt\/#primaryimage"},"thumbnailUrl":"https:\/\/hydroelite.se\/wp-content\/uploads\/2022\/02\/Gubben_sjalv-196x300.jpg","datePublished":"2022-02-23T15:52:05+00:00","dateModified":"2024-03-06T08:09:17+00:00","breadcrumb":{"@id":"https:\/\/hydroelite.se\/index.php\/kontakt\/#breadcrumb"},"inLanguage":"sv-SE","potentialAction":[{"@type":"ReadAction","target":["https:\/\/hydroelite.se\/index.php\/kontakt\/"]}]},{"@type":"ImageObject","inLanguage":"sv-SE","@id":"https:\/\/hydroelite.se\/index.php\/kontakt\/#primaryimage","url":"https:\/\/hydroelite.se\/wp-content\/uploads\/2022\/02\/Gubben_sjalv.jpg","contentUrl":"https:\/\/hydroelite.se\/wp-content\/uploads\/2022\/02\/Gubben_sjalv.jpg","width":706,"height":1078},{"@type":"BreadcrumbList","@id":"https:\/\/hydroelite.se\/index.php\/kontakt\/#breadcrumb","itemListElement":[{"@type":"ListItem","position":1,"name":"Hem","item":"https:\/\/hydroelite.se\/"},{"@type":"ListItem","position":2,"name":"Kontakt"}]},{"@type":"WebSite","@id":"https:\/\/hydroelite.se\/#website","url":"https:\/\/hydroelite.se\/","name":"HydroElite Nordic AB","description":"Vi jobbar b\u00e4st under h\u00f6gtryck","publisher":{"@id":"https:\/\/hydroelite.se\/#organization"},"potentialAction":[{"@type":"SearchAction","target":{"@type":"EntryPoint","urlTemplate":"https:\/\/hydroelite.se\/?s={search_term_string}"},"query-input":{"@type":"PropertyValueSpecification","valueRequired":true,"valueName":"search_term_string"}}],"inLanguage":"sv-SE"},{"@type":"Organization","@id":"https:\/\/hydroelite.se\/#organization","name":"Hydroelite Nordic AB","url":"https:\/\/hydroelite.se\/","logo":{"@type":"ImageObject","inLanguage":"sv-SE","@id":"https:\/\/hydroelite.se\/#\/schema\/logo\/image\/","url":"https:\/\/hydroelite.se\/wp-content\/uploads\/2023\/06\/HydroElite-Nordic_liggande_2350x850.jpg","contentUrl":"https:\/\/hydroelite.se\/wp-content\/uploads\/2023\/06\/HydroElite-Nordic_liggande_2350x850.jpg","width":2350,"height":850,"caption":"Hydroelite Nordic AB"},"image":{"@id":"https:\/\/hydroelite.se\/#\/schema\/logo\/image\/"}}]}},"_links":{"self":[{"href":"https:\/\/hydroelite.se\/index.php\/wp-json\/wp\/v2\/pages\/14","targetHints":{"allow":["GET"]}}],"collection":[{"href":"https:\/\/hydroelite.se\/index.php\/wp-json\/wp\/v2\/pages"}],"about":[{"href":"https:\/\/hydroelite.se\/index.php\/wp-json\/wp\/v2\/types\/page"}],"author":[{"embeddable":true,"href":"https:\/\/hydroelite.se\/index.php\/wp-json\/wp\/v2\/users\/1"}],"replies":[{"embeddable":true,"href":"https:\/\/hydroelite.se\/index.php\/wp-json\/wp\/v2\/comments?post=14"}],"version-history":[{"count":0,"href":"https:\/\/hydroelite.se\/index.php\/wp-json\/wp\/v2\/pages\/14\/revisions"}],"wp:attachment":[{"href":"https:\/\/hydroelite.se\/index.php\/wp-json\/wp\/v2\/media?parent=14"}],"curies":[{"name":"wp","href":"https:\/\/api.w.org\/{rel}","templated":true}]}}